{"id":7,"date":"2015-11-14T10:58:38","date_gmt":"2015-11-14T09:58:38","guid":{"rendered":"http:\/\/yeahyeahmedia.fr\/?page_id=7"},"modified":"2019-02-07T23:59:26","modified_gmt":"2019-02-07T22:59:26","slug":"accueil","status":"publish","type":"page","link":"https:\/\/yeahyeahmedia.fr\/","title":{"rendered":"ACCUEIL"},"content":{"rendered":"<p><div class=\"fusion-fullwidth fullwidth-box hundred-percent-fullwidth non-hundred-percent-height-scrolling\"  style='background-color: #242424;background-position: left top;background-repeat: no-repeat;padding-top:10px;padding-right:0px;padding-bottom:2.5%;padding-left:0px;border-top-width:0px;border-bottom-width:0px;border-color:#3e3e3e;border-top-style:solid;border-bottom-style:solid;'><div class=\"fusion-builder-row fusion-row \"><div  class=\"fusion-layout-column fusion_builder_column fusion_builder_column_1_1  fusion-one-full fusion-column-first fusion-column-last 1_1\"  style='margin-top:0px;margin-bottom:50px;'>\n\t\t\t\t\t<div class=\"fusion-column-wrapper\" style=\"padding: 0% 15% 0% 15%;background-position:left top;background-repeat:no-repeat;-webkit-background-size:cover;-moz-background-size:cover;-o-background-size:cover;background-size:cover;\"  data-bg-url=\"\">\n\t\t\t\t\t\t<div class=\"imageframe-align-center\"><span class=\"fusion-imageframe imageframe-none imageframe-1 hover-type-none\"><img loading=\"lazy\" src=\"http:\/\/yeahyeahmedia.fr\/wp-content\/uploads\/2015\/11\/logo-yeah-yeah-media-baseline.png\" width=\"\" height=\"\" alt=\"logo-yeah-yeah-media-baseline\" title=\"logo-yeah-yeah-media-baseline\" class=\"img-responsive wp-image-1040\" srcset=\"https:\/\/yeahyeahmedia.fr\/wp-content\/uploads\/2015\/11\/logo-yeah-yeah-media-baseline-200x232.png 200w, https:\/\/yeahyeahmedia.fr\/wp-content\/uploads\/2015\/11\/logo-yeah-yeah-media-baseline.png 238w\" sizes=\"(max-width: 800px) 100vw, 238px\" \/><\/span><\/div><div class=\"fusion-sep-clear\"><\/div><div class=\"fusion-separator fusion-full-width-sep sep-double\" style=\"border-color:#3e3e3e;border-top-width:0px;border-bottom-width:0px;margin-left: auto;margin-right: auto;margin-top:30px;margin-bottom:30px;\"><\/div><div class=\"fusion-text\"><p style=\"text-align: justify;\">La vid\u00e9o est incontournable pour asseoir votre image sur les r\u00e9seaux sociaux et internet.<br \/>\nYeah Yeah M\u00e9dia vous accompagne pour r\u00e9aliser la vid\u00e9o dont vous avez besoin : clips, interviews, reportages, films, etc.<\/p>\n<p style=\"text-align: justify;\">Vid\u00e9aste ind\u00e9pendant, je suis \u00e0 vos c\u00f4t\u00e9s pour construire le produit vid\u00e9o qui vous correspond.<\/p>\n<\/div><div class=\"fusion-clearfix\"><\/div>\n\n\t\t\t\t\t<\/div>\n\t\t\t\t<\/div><\/div><\/div><div class=\"fusion-fullwidth fullwidth-box hundred-percent-fullwidth non-hundred-percent-height-scrolling\"  style='background-color: #242424;background-position: left top;background-repeat: no-repeat;padding-top:0px;padding-right:4%;padding-bottom:100px;padding-left:4%;border-top-width:0px;border-bottom-width:0px;border-color:#3e3e3e;border-top-style:solid;border-bottom-style:solid;'><div class=\"fusion-builder-row fusion-row \"><div  class=\"fusion-layout-column fusion_builder_column fusion_builder_column_1_1  fusion-one-full fusion-column-first fusion-column-last fusion-column-no-min-height 1_1\"  style='margin-top:0px;margin-bottom:0px;'>\n\t\t\t\t\t<div class=\"fusion-column-wrapper\" style=\"padding: 0px 0px 0px 0px;background-position:left top;background-repeat:no-repeat;-webkit-background-size:cover;-moz-background-size:cover;-o-background-size:cover;background-size:cover;\"  data-bg-url=\"\">\n\t\t\t\t\t\t<style type=\"text\/css\">.fusion-portfolio-wrapper#fusion-portfolio-1 .fusion-portfolio-content{ padding: 25px 25px 25px 25px; text-align: center; }<\/style><div class=\"fusion-recent-works fusion-portfolio-element fusion-portfolio fusion-portfolio-1 fusion-portfolio-grid fusion-portfolio-paging-none fusion-portfolio-three fusion-portfolio-boxed fusion-portfolio-text fusion-portfolio-rollover\" data-id=\"-rw-1\" data-columns=\"three\"><style type=\"text\/css\">.fusion-portfolio-1 .fusion-portfolio-wrapper .fusion-col-spacing{padding:20px;}<\/style><div class=\"fusion-portfolio-wrapper\" id=\"fusion-portfolio-1\" data-picturesize=\"auto\" data-pages=\"1\" style=\"margin:-20px;\"><article id=\"portfolio-1-post-148\" class=\"fusion-portfolio-post fusion-col-spacing post-148\"><div class=\"fusion-portfolio-content-wrapper\" style=\"border:none;background-color:rgba(45,45,45,1);\"><span class=\"vcard rich-snippet-hidden\"><span class=\"fn\"><a href=\"https:\/\/yeahyeahmedia.fr\/index.php\/author\/admin5938\/\" title=\"Articles par admin5938\" rel=\"author\">admin5938<\/a><\/span><\/span><span class=\"updated rich-snippet-hidden\">2022-01-31T16:16:06+01:00<\/span>\n\n<div  class=\"fusion-image-wrapper\" aria-haspopup=\"true\">\n\t\n\t\n\t\t\n\t\t\t\t\t<img width=\"1440\" height=\"800\" src=\"https:\/\/yeahyeahmedia.fr\/wp-content\/uploads\/2015\/11\/Roland-Garros-400x222.jpg\" class=\"attachment-full size-full wp-post-image\" alt=\"YeahYeah_Media_\u00e0_Roland_Garros\" loading=\"lazy\" srcset=\"https:\/\/yeahyeahmedia.fr\/wp-content\/uploads\/2015\/11\/Roland-Garros-200x111.jpg 200w, https:\/\/yeahyeahmedia.fr\/wp-content\/uploads\/2015\/11\/Roland-Garros-400x222.jpg 400w, https:\/\/yeahyeahmedia.fr\/wp-content\/uploads\/2015\/11\/Roland-Garros-600x333.jpg 600w, https:\/\/yeahyeahmedia.fr\/wp-content\/uploads\/2015\/11\/Roland-Garros-800x444.jpg 800w, https:\/\/yeahyeahmedia.fr\/wp-content\/uploads\/2015\/11\/Roland-Garros-1200x667.jpg 1200w, https:\/\/yeahyeahmedia.fr\/wp-content\/uploads\/2015\/11\/Roland-Garros.jpg 1440w\" sizes=\"(min-width: 2200px) 100vw, (min-width: 784px) 363px, (min-width: 712px) 545px, (min-width: 640px) 712px, \" \/>\n\t\n\n\t\t<div class=\"fusion-rollover\">\n\t<div class=\"fusion-rollover-content\">\n\n\t\t\t\t\n\t\t\t\t\n\t\t\t\t\t\t\t\t\t\t\t\t<h4 class=\"fusion-rollover-title\">\n\t\t\t\t\t<a href=\"https:\/\/yeahyeahmedia.fr\/index.php\/portfolio-items\/evenementiel\/\">\n\t\t\t\t\t\t\u00c9V\u00c9NEMENTIEL\t\t\t\t\t<\/a>\n\t\t\t\t<\/h4>\n\t\t\t\n\t\t\t\t\t\t\t\t\n\t\t\n\t\t\t\t<a class=\"fusion-link-wrapper\" href=\"https:\/\/yeahyeahmedia.fr\/index.php\/portfolio-items\/evenementiel\/\" aria-label=\"\u00c9V\u00c9NEMENTIEL\"><\/a>\n\t<\/div>\n<\/div>\n\n\t\n<\/div>\n<div class=\"fusion-portfolio-content\" style=\"background-color:rgba(45,45,45,1);\"><h2 class=\"entry-title fusion-post-title\"><a href=\"https:\/\/yeahyeahmedia.fr\/index.php\/portfolio-items\/evenementiel\/\">\u00c9V\u00c9NEMENTIEL<\/a><\/h2><div class=\"fusion-post-content\"><\/div><\/div><\/div><\/article><article id=\"portfolio-1-post-146\" class=\"fusion-portfolio-post fusion-col-spacing post-146\"><div class=\"fusion-portfolio-content-wrapper\" style=\"border:none;background-color:rgba(45,45,45,1);\"><span class=\"vcard rich-snippet-hidden\"><span class=\"fn\"><a href=\"https:\/\/yeahyeahmedia.fr\/index.php\/author\/admin5938\/\" title=\"Articles par admin5938\" rel=\"author\">admin5938<\/a><\/span><\/span><span class=\"updated rich-snippet-hidden\">2022-01-31T16:02:47+01:00<\/span>\n\n<div  class=\"fusion-image-wrapper\" aria-haspopup=\"true\">\n\t\n\t\n\t\t\n\t\t\t\t\t<img width=\"2000\" height=\"1125\" src=\"https:\/\/yeahyeahmedia.fr\/wp-content\/uploads\/2015\/11\/CORPORATE_YeahYeah_Media-400x225.png\" class=\"attachment-full size-full wp-post-image\" alt=\"Vid\u00e9o_corporate_r\u00e9alis\u00e9_par_YeahYeah_Media\" loading=\"lazy\" \/>\n\t\n\n\t\t<div class=\"fusion-rollover\">\n\t<div class=\"fusion-rollover-content\">\n\n\t\t\t\t\n\t\t\t\t\n\t\t\t\t\t\t\t\t\t\t\t\t<h4 class=\"fusion-rollover-title\">\n\t\t\t\t\t<a href=\"https:\/\/yeahyeahmedia.fr\/index.php\/portfolio-items\/corporate\/\">\n\t\t\t\t\t\tCORPORATE\t\t\t\t\t<\/a>\n\t\t\t\t<\/h4>\n\t\t\t\n\t\t\t\t\t\t\t\t\n\t\t\n\t\t\t\t<a class=\"fusion-link-wrapper\" href=\"https:\/\/yeahyeahmedia.fr\/index.php\/portfolio-items\/corporate\/\" aria-label=\"CORPORATE\"><\/a>\n\t<\/div>\n<\/div>\n\n\t\n<\/div>\n<div class=\"fusion-portfolio-content\" style=\"background-color:rgba(45,45,45,1);\"><h2 class=\"entry-title fusion-post-title\"><a href=\"https:\/\/yeahyeahmedia.fr\/index.php\/portfolio-items\/corporate\/\">CORPORATE<\/a><\/h2><div class=\"fusion-post-content\"><\/div><\/div><\/div><\/article><article id=\"portfolio-1-post-144\" class=\"fusion-portfolio-post fusion-col-spacing post-144\"><div class=\"fusion-portfolio-content-wrapper\" style=\"border:none;background-color:rgba(45,45,45,1);\"><span class=\"vcard rich-snippet-hidden\"><span class=\"fn\"><a href=\"https:\/\/yeahyeahmedia.fr\/index.php\/author\/admin5938\/\" title=\"Articles par admin5938\" rel=\"author\">admin5938<\/a><\/span><\/span><span class=\"updated rich-snippet-hidden\">2019-02-04T20:36:49+01:00<\/span>\n\n<div  class=\"fusion-image-wrapper\" aria-haspopup=\"true\">\n\t\n\t\n\t\t\n\t\t\t\t\t<img width=\"4128\" height=\"2322\" src=\"https:\/\/yeahyeahmedia.fr\/wp-content\/uploads\/2015\/11\/art-de-vivre-400x225.jpg\" class=\"attachment-full size-full wp-post-image\" alt=\"Art_de_vivre_YeahYeah_Media\" loading=\"lazy\" srcset=\"https:\/\/yeahyeahmedia.fr\/wp-content\/uploads\/2015\/11\/art-de-vivre-200x113.jpg 200w, https:\/\/yeahyeahmedia.fr\/wp-content\/uploads\/2015\/11\/art-de-vivre-400x225.jpg 400w, https:\/\/yeahyeahmedia.fr\/wp-content\/uploads\/2015\/11\/art-de-vivre-600x338.jpg 600w, https:\/\/yeahyeahmedia.fr\/wp-content\/uploads\/2015\/11\/art-de-vivre-800x450.jpg 800w, https:\/\/yeahyeahmedia.fr\/wp-content\/uploads\/2015\/11\/art-de-vivre-1200x675.jpg 1200w, https:\/\/yeahyeahmedia.fr\/wp-content\/uploads\/2015\/11\/art-de-vivre.jpg 4128w\" sizes=\"(min-width: 2200px) 100vw, (min-width: 784px) 363px, (min-width: 712px) 545px, (min-width: 640px) 712px, \" \/>\n\t\n\n\t\t<div class=\"fusion-rollover\">\n\t<div class=\"fusion-rollover-content\">\n\n\t\t\t\t\n\t\t\t\t\n\t\t\t\t\t\t\t\t\t\t\t\t<h4 class=\"fusion-rollover-title\">\n\t\t\t\t\t<a href=\"https:\/\/yeahyeahmedia.fr\/index.php\/portfolio-items\/art-de-vivre\/\">\n\t\t\t\t\t\tART DE VIVRE\t\t\t\t\t<\/a>\n\t\t\t\t<\/h4>\n\t\t\t\n\t\t\t\t\t\t\t\t\n\t\t\n\t\t\t\t<a class=\"fusion-link-wrapper\" href=\"https:\/\/yeahyeahmedia.fr\/index.php\/portfolio-items\/art-de-vivre\/\" aria-label=\"ART DE VIVRE\"><\/a>\n\t<\/div>\n<\/div>\n\n\t\n<\/div>\n<div class=\"fusion-portfolio-content\" style=\"background-color:rgba(45,45,45,1);\"><h2 class=\"entry-title fusion-post-title\"><a href=\"https:\/\/yeahyeahmedia.fr\/index.php\/portfolio-items\/art-de-vivre\/\">ART DE VIVRE<\/a><\/h2><div class=\"fusion-post-content\"><\/div><\/div><\/div><\/article><\/div><\/div><div class=\"fusion-clearfix\"><\/div>\n\n\t\t\t\t\t<\/div>\n\t\t\t\t<\/div><\/div><\/div><\/p>\n","protected":false},"excerpt":{"rendered":"","protected":false},"author":1,"featured_media":0,"parent":0,"menu_order":1,"comment_status":"closed","ping_status":"closed","template":"100-width.php","meta":[],"_links":{"self":[{"href":"https:\/\/yeahyeahmedia.fr\/index.php\/wp-json\/wp\/v2\/pages\/7"}],"collection":[{"href":"https:\/\/yeahyeahmedia.fr\/index.php\/wp-json\/wp\/v2\/pages"}],"about":[{"href":"https:\/\/yeahyeahmedia.fr\/index.php\/wp-json\/wp\/v2\/types\/page"}],"author":[{"embeddable":true,"href":"https:\/\/yeahyeahmedia.fr\/index.php\/wp-json\/wp\/v2\/users\/1"}],"replies":[{"embeddable":true,"href":"https:\/\/yeahyeahmedia.fr\/index.php\/wp-json\/wp\/v2\/comments?post=7"}],"version-history":[{"count":68,"href":"https:\/\/yeahyeahmedia.fr\/index.php\/wp-json\/wp\/v2\/pages\/7\/revisions"}],"predecessor-version":[{"id":1545,"href":"https:\/\/yeahyeahmedia.fr\/index.php\/wp-json\/wp\/v2\/pages\/7\/revisions\/1545"}],"wp:attachment":[{"href":"https:\/\/yeahyeahmedia.fr\/index.php\/wp-json\/wp\/v2\/media?parent=7"}],"curies":[{"name":"wp","href":"https:\/\/api.w.org\/{rel}","templated":true}]}}